{"id":4163,"date":"2025-06-20T15:29:35","date_gmt":"2025-06-20T15:29:35","guid":{"rendered":"https:\/\/fincalamorera.com\/inicio\/"},"modified":"2025-07-16T09:09:42","modified_gmt":"2025-07-16T09:09:42","slug":"inicio","status":"publish","type":"page","link":"https:\/\/fincalamorera.com\/es\/","title":{"rendered":"Inicio"},"content":{"rendered":"\t\t<div data-elementor-type=\"wp-page\" data-elementor-id=\"4163\" class=\"elementor elementor-4163 elementor-12\" data-elementor-post-type=\"page\">\n\t\t\t\t<div class=\"elementor-element elementor-element-f432759 e-con-full hero-section e-flex e-con e-parent\" data-id=\"f432759\" data-element_type=\"container\" data-e-type=\"container\">\n\t\t<div class=\"elementor-element elementor-element-1eced5d e-con-full e-flex e-con e-child\" data-id=\"1eced5d\" data-element_type=\"container\" data-e-type=\"container\" data-settings=\"{&quot;background_background&quot;:&quot;slideshow&quot;,&quot;background_slideshow_gallery&quot;:[{&quot;id&quot;:3926,&quot;url&quot;:&quot;https:\\\/\\\/fincalamorera.com\\\/wp-content\\\/uploads\\\/2025\\\/06\\\/Upper-Living-room-Finca-La-Morera-Ronda.jpg&quot;},{&quot;id&quot;:3927,&quot;url&quot;:&quot;https:\\\/\\\/fincalamorera.com\\\/wp-content\\\/uploads\\\/2025\\\/06\\\/Outdoor-Views-2-Finca-La-Morera-Ronda.jpg&quot;},{&quot;id&quot;:3925,&quot;url&quot;:&quot;https:\\\/\\\/fincalamorera.com\\\/wp-content\\\/uploads\\\/2025\\\/06\\\/Terrace-Lavender-Suite-Oange-Blossom-Suite-Finca-La-Morera-Ronda.jpg&quot;}],&quot;background_slideshow_transition_duration&quot;:1600,&quot;background_slideshow_slide_duration&quot;:6000,&quot;background_slideshow_ken_burns&quot;:&quot;yes&quot;,&quot;background_slideshow_loop&quot;:&quot;yes&quot;,&quot;background_slideshow_slide_transition&quot;:&quot;fade&quot;,&quot;background_slideshow_ken_burns_zoom_direction&quot;:&quot;in&quot;}\">\n\t\t\t\t<\/div>\n\t\t<div class=\"elementor-element elementor-element-24da219 e-con-full elementor-hidden-mobile e-flex e-con e-child\" data-id=\"24da219\" data-element_type=\"container\" data-e-type=\"container\" data-settings=\"{&quot;background_background&quot;:&quot;slideshow&quot;,&quot;background_slideshow_gallery&quot;:[{&quot;id&quot;:4046,&quot;url&quot;:&quot;https:\\\/\\\/fincalamorera.com\\\/wp-content\\\/uploads\\\/2025\\\/07\\\/Mulberry-Suite_7_edit_compress_2.jpg&quot;},{&quot;id&quot;:3928,&quot;url&quot;:&quot;https:\\\/\\\/fincalamorera.com\\\/wp-content\\\/uploads\\\/2025\\\/06\\\/Lounge-Area-Pool-Finca-La-Morera-Ronda.jpg&quot;},{&quot;id&quot;:3930,&quot;url&quot;:&quot;https:\\\/\\\/fincalamorera.com\\\/wp-content\\\/uploads\\\/2025\\\/06\\\/Mulberry-Suite-Finca-La-Morera-Ronda.jpg&quot;}],&quot;background_slideshow_transition_duration&quot;:1200,&quot;background_slideshow_slide_duration&quot;:6000,&quot;background_slideshow_ken_burns&quot;:&quot;yes&quot;,&quot;background_slideshow_ken_burns_zoom_direction&quot;:&quot;out&quot;,&quot;background_slideshow_loop&quot;:&quot;yes&quot;,&quot;background_slideshow_slide_transition&quot;:&quot;fade&quot;}\">\n\t\t\t\t<\/div>\n\t\t<div class=\"elementor-element elementor-element-197c94f e-con-full e-flex e-con e-child\" data-id=\"197c94f\" data-element_type=\"container\" data-e-type=\"container\" data-settings=\"{&quot;background_background&quot;:&quot;classic&quot;,&quot;position&quot;:&quot;absolute&quot;}\">\n\t\t\t\t<div class=\"elementor-element elementor-element-f26e5e4 elementor-invisible elementor-widget elementor-widget-image\" data-id=\"f26e5e4\" data-element_type=\"widget\" data-e-type=\"widget\" data-settings=\"{&quot;_animation&quot;:&quot;fadeInUp&quot;}\" data-widget_type=\"image.default\">\n\t\t\t\t\t\t\t\t\t\t\t\t\t\t\t<img decoding=\"async\" width=\"1\" height=\"1\" src=\"https:\/\/fincalamorera.com\/wp-content\/uploads\/2025\/06\/Asset-5.svg\" class=\"attachment-large size-large wp-image-3679\" alt=\"Finca La Morera Logo Symbol Warm Sand\" \/>\t\t\t\t\t\t\t\t\t\t\t\t\t\t\t<\/div>\n\t\t\t\t<div class=\"elementor-element elementor-element-0f1e94b elementor-widget__width-auto elementor-widget-widescreen__width-auto elementor-invisible elementor-widget elementor-widget-image\" data-id=\"0f1e94b\" data-element_type=\"widget\" data-e-type=\"widget\" data-settings=\"{&quot;_animation&quot;:&quot;fadeInUp&quot;}\" data-widget_type=\"image.default\">\n\t\t\t\t\t\t\t\t\t\t\t\t\t\t\t<img decoding=\"async\" width=\"768\" height=\"57\" src=\"https:\/\/fincalamorera.com\/wp-content\/uploads\/2025\/06\/Warm-Sand.svg\" class=\"attachment-medium_large size-medium_large wp-image-3857\" alt=\"Finca La Morera Logo Warm Sand\" \/>\t\t\t\t\t\t\t\t\t\t\t\t\t\t\t<\/div>\n\t\t\t\t<div class=\"elementor-element elementor-element-12ca00f animated-slow elementor-invisible elementor-widget elementor-widget-heading\" data-id=\"12ca00f\" data-element_type=\"widget\" data-e-type=\"widget\" data-settings=\"{&quot;_animation&quot;:&quot;fadeInUp&quot;}\" data-widget_type=\"heading.default\">\n\t\t\t\t\t<p class=\"elementor-heading-title elementor-size-default\">RONDA \u2013 ANDALUC\u00cdA<\/p>\t\t\t\t<\/div>\n\t\t\t\t<div class=\"elementor-element elementor-element-b066000 elementor-align-center elementor-widget__width-auto elementor-absolute elementor-invisible elementor-widget elementor-widget-button\" data-id=\"b066000\" data-element_type=\"widget\" data-e-type=\"widget\" data-settings=\"{&quot;_position&quot;:&quot;absolute&quot;,&quot;_animation&quot;:&quot;fadeInUp&quot;}\" data-widget_type=\"button.default\">\n\t\t\t\t\t\t\t\t\t\t<a class=\"elementor-button elementor-button-link elementor-size-sm\" href=\"#intro\" title=\"Discover Rooms\">\n\t\t\t\t\t\t<span class=\"elementor-button-content-wrapper\">\n\t\t\t\t\t\t\t\t\t<span class=\"elementor-button-text\">DESCUBRIR<\/span>\n\t\t\t\t\t<\/span>\n\t\t\t\t\t<\/a>\n\t\t\t\t\t\t\t\t<\/div>\n\t\t\t\t<\/div>\n\t\t\t\t<\/div>\n\t\t<div class=\"elementor-element elementor-element-84f9c7a e-con-full e-flex e-con e-parent\" data-id=\"84f9c7a\" data-element_type=\"container\" data-e-type=\"container\" data-settings=\"{&quot;background_background&quot;:&quot;classic&quot;}\">\n\t\t<div class=\"elementor-element elementor-element-7240fac e-con-full e-flex e-con e-child\" data-id=\"7240fac\" data-element_type=\"container\" data-e-type=\"container\" data-settings=\"{&quot;background_background&quot;:&quot;classic&quot;}\">\n\t\t\t\t<\/div>\n\t\t<div class=\"elementor-element elementor-element-13aaf9c e-con-full e-flex e-con e-child\" data-id=\"13aaf9c\" data-element_type=\"container\" data-e-type=\"container\">\n\t\t\t\t<div class=\"elementor-element elementor-element-2bf5250 elementor-absolute elementor-widget elementor-widget-menu-anchor\" data-id=\"2bf5250\" data-element_type=\"widget\" data-e-type=\"widget\" data-settings=\"{&quot;_position&quot;:&quot;absolute&quot;}\" data-widget_type=\"menu-anchor.default\">\n\t\t\t\t\t\t\t<div class=\"elementor-menu-anchor\" id=\"intro\"><\/div>\n\t\t\t\t\t\t<\/div>\n\t\t\t\t<div class=\"elementor-element elementor-element-8316324 elementor-widget elementor-widget-heading\" data-id=\"8316324\" data-element_type=\"widget\" data-e-type=\"widget\" data-widget_type=\"heading.default\">\n\t\t\t\t\t<h2 class=\"elementor-heading-title elementor-size-default\">TU HOGAR LEJOS DE CASA<\/h2>\t\t\t\t<\/div>\n\t\t\t\t<div class=\"elementor-element elementor-element-40195a5 elementor-widget elementor-widget-heading\" data-id=\"40195a5\" data-element_type=\"widget\" data-e-type=\"widget\" data-widget_type=\"heading.default\">\n\t\t\t\t\t<h3 class=\"elementor-heading-title elementor-size-default\">Lujo sereno en el coraz\u00f3n de Andaluc\u00eda<\/h3>\t\t\t\t<\/div>\n\t\t\t\t<div class=\"elementor-element elementor-element-6f29cc2 elementor-widget__width-initial elementor-widget elementor-widget-text-editor\" data-id=\"6f29cc2\" data-element_type=\"widget\" data-e-type=\"widget\" data-widget_type=\"text-editor.default\">\n\t\t\t\t\t\t\t\t\t<p>La Morera es un lugar para desconectar, respirar y sentirse en paz. Rodeada de olivos y suaves colinas ba\u00f1adas por el sol, nuestra finca ofrece una experiencia aut\u00e9ntica en el sur de Espa\u00f1a. <\/p><p>Las casas de piedra, independientes entre s\u00ed, combinan el estilo andaluz con la comodidad moderna. Hay seis dormitorios, zonas amplias para relajarse, terrazas soleadas, dos piscinas climatizadas con energ\u00eda solar y una pista de tenis. <\/p><p>Un lugar ideal para descansar, disfrutar de la naturaleza y sentirse como en casa.<\/p>\t\t\t\t\t\t\t\t<\/div>\n\t\t\t\t<\/div>\n\t\t\t\t<\/div>\n\t\t<div class=\"elementor-element elementor-element-2624af6 e-con-full e-flex e-con e-parent\" data-id=\"2624af6\" data-element_type=\"container\" data-e-type=\"container\" data-settings=\"{&quot;background_background&quot;:&quot;classic&quot;}\">\n\t\t<div class=\"elementor-element elementor-element-f251f28 e-con-full e-flex e-con e-child\" data-id=\"f251f28\" data-element_type=\"container\" data-e-type=\"container\" data-settings=\"{&quot;background_background&quot;:&quot;classic&quot;}\">\n\t\t\t\t<div class=\"elementor-element elementor-element-56238e6 elementor-widget elementor-widget-heading\" data-id=\"56238e6\" data-element_type=\"widget\" data-e-type=\"widget\" data-widget_type=\"heading.default\">\n\t\t\t\t\t<h2 class=\"elementor-heading-title elementor-size-default\">EL ARTE DE VIVIR<\/h2>\t\t\t\t<\/div>\n\t\t\t\t<div class=\"elementor-element elementor-element-23d4a70 elementor-widget elementor-widget-heading\" data-id=\"23d4a70\" data-element_type=\"widget\" data-e-type=\"widget\" data-widget_type=\"heading.default\">\n\t\t\t\t\t<h3 class=\"elementor-heading-title elementor-size-default\">a la espa\u00f1ola<\/h3>\t\t\t\t<\/div>\n\t\t\t\t<div class=\"elementor-element elementor-element-6201562 elementor-widget__width-initial elementor-widget elementor-widget-text-editor\" data-id=\"6201562\" data-element_type=\"widget\" data-e-type=\"widget\" data-widget_type=\"text-editor.default\">\n\t\t\t\t\t\t\t\t\t<p>M\u00e1s all\u00e1 de la paz y la privacidad de La Morera, comienza el ritmo de Andaluc\u00eda.<br>Aqu\u00ed el tiempo se ralentiza para que puedas saborear la calidez de la tierra, su herencia y la generosidad de su gente. <\/p><p>Elegimos artesanos locales, productos ecol\u00f3gicos y materiales naturales que cuentan la historia del lugar. Las ma\u00f1anas empiezan con fruta madura al sol, pan reci\u00e9n hecho y huevos de nuestras propias gallinas. Celebramos lo cotidiano: las comidas compartidas, los momentos de calma y la vida al aire libre.  <\/p><p>Ya sea un paseo a caballo, flamenco bajo las estrellas o una visita a Ronda, te ayudamos a descubrir el arte de vivir a la andaluza.<\/p>\t\t\t\t\t\t\t\t<\/div>\n\t\t\t\t<\/div>\n\t\t<div class=\"elementor-element elementor-element-931ff05 e-con-full e-flex e-con e-child\" data-id=\"931ff05\" data-element_type=\"container\" data-e-type=\"container\" data-settings=\"{&quot;background_background&quot;:&quot;classic&quot;}\">\n\t\t\t\t<\/div>\n\t\t\t\t<\/div>\n\t\t<div class=\"elementor-element elementor-element-40bccba e-con-full e-flex e-con e-parent\" data-id=\"40bccba\" data-element_type=\"container\" data-e-type=\"container\" data-settings=\"{&quot;background_background&quot;:&quot;classic&quot;}\">\n\t\t\t\t<\/div>\n\t\t<div class=\"elementor-element elementor-element-1dc293d e-con-full e-flex e-con e-parent\" data-id=\"1dc293d\" data-element_type=\"container\" data-e-type=\"container\" data-settings=\"{&quot;background_background&quot;:&quot;classic&quot;}\">\n\t\t<div class=\"elementor-element elementor-element-66b7d65 e-con-full e-flex e-con e-child\" data-id=\"66b7d65\" data-element_type=\"container\" data-e-type=\"container\" data-settings=\"{&quot;background_background&quot;:&quot;classic&quot;}\">\n\t\t\t\t<\/div>\n\t\t<div class=\"elementor-element elementor-element-0bc8c2e e-con-full e-flex e-con e-child\" data-id=\"0bc8c2e\" data-element_type=\"container\" data-e-type=\"container\">\n\t\t\t\t<div class=\"elementor-element elementor-element-16610ef elementor-widget elementor-widget-heading\" data-id=\"16610ef\" data-element_type=\"widget\" data-e-type=\"widget\" data-widget_type=\"heading.default\">\n\t\t\t\t\t<h2 class=\"elementor-heading-title elementor-size-default\">VACACIONES FAMILIARES INOLVIDABLES<\/h2>\t\t\t\t<\/div>\n\t\t\t\t<div class=\"elementor-element elementor-element-498104a elementor-widget elementor-widget-heading\" data-id=\"498104a\" data-element_type=\"widget\" data-e-type=\"widget\" data-widget_type=\"heading.default\">\n\t\t\t\t\t<h3 class=\"elementor-heading-title elementor-size-default\">en La Morera<\/h3>\t\t\t\t<\/div>\n\t\t\t\t<div class=\"elementor-element elementor-element-040b80b elementor-widget__width-initial elementor-widget elementor-widget-text-editor\" data-id=\"040b80b\" data-element_type=\"widget\" data-e-type=\"widget\" data-widget_type=\"text-editor.default\">\n\t\t\t\t\t\t\t\t\t<p>En La Morera, la familia est\u00e1 en el centro de todo.<br>Los ni\u00f1os r\u00eden y exploran con libertad, recogen moras, recolectan huevos y descubren los placeres sencillos y naturales del jard\u00edn. <\/p><p>Mientras padres y abuelos se relajan junto a la piscina o en las terrazas sombreadas, los adolescentes cambian las pantallas por una partida de billar, un ba\u00f1o refrescante o un rato de tranquilidad en alg\u00fan rinc\u00f3n del campo.<\/p><p>En La Morera, las generaciones se encuentran \u2014 para reconectar, descansar y crear recuerdos que perduran.<\/p>\t\t\t\t\t\t\t\t<\/div>\n\t\t\t\t<div class=\"elementor-element elementor-element-0e11ea9 elementor-blockquote--skin-quotation elementor-blockquote--align-left elementor-widget elementor-widget-blockquote\" data-id=\"0e11ea9\" data-element_type=\"widget\" data-e-type=\"widget\" data-widget_type=\"blockquote.default\">\n\t\t\t\t\t\t\t<blockquote class=\"elementor-blockquote\">\n\t\t\t<p class=\"elementor-blockquote__content\">\n\t\t\t\tLa familia es una de las obras maestras de la naturaleza.\t\t\t<\/p>\n\t\t\t\t\t\t\t<div class=\"e-q-footer\">\n\t\t\t\t\t\t\t\t\t\t\t<cite class=\"elementor-blockquote__author\">\u2014 Khalil Gibran<\/cite>\n\t\t\t\t\t\t\t\t\t\t\t\t\t\t<\/div>\n\t\t\t\t\t<\/blockquote>\n\t\t\t\t\t\t<\/div>\n\t\t\t\t<\/div>\n\t\t\t\t<\/div>\n\t\t\t\t<\/div>\n\t\t","protected":false},"excerpt":{"rendered":"<p>RONDA \u2013 ANDALUC\u00cdA DESCUBRIR TU HOGAR LEJOS DE CASA Lujo sereno en el coraz\u00f3n de Andaluc\u00eda La Morera es un lugar para desconectar, respirar y sentirse en paz. Rodeada de olivos y suaves colinas ba\u00f1adas por el sol, nuestra finca ofrece una experiencia aut\u00e9ntica en el sur de Espa\u00f1a. Las casas de piedra, independientes entre [&hellip;]<\/p>\n","protected":false},"author":1,"featured_media":3676,"parent":0,"menu_order":0,"comment_status":"closed","ping_status":"closed","template":"elementor_header_footer","meta":{"footnotes":""},"class_list":["post-4163","page","type-page","status-publish","has-post-thumbnail","hentry"],"_links":{"self":[{"href":"https:\/\/fincalamorera.com\/es\/wp-json\/wp\/v2\/pages\/4163","targetHints":{"allow":["GET"]}}],"collection":[{"href":"https:\/\/fincalamorera.com\/es\/wp-json\/wp\/v2\/pages"}],"about":[{"href":"https:\/\/fincalamorera.com\/es\/wp-json\/wp\/v2\/types\/page"}],"author":[{"embeddable":true,"href":"https:\/\/fincalamorera.com\/es\/wp-json\/wp\/v2\/users\/1"}],"replies":[{"embeddable":true,"href":"https:\/\/fincalamorera.com\/es\/wp-json\/wp\/v2\/comments?post=4163"}],"version-history":[{"count":1,"href":"https:\/\/fincalamorera.com\/es\/wp-json\/wp\/v2\/pages\/4163\/revisions"}],"predecessor-version":[{"id":4164,"href":"https:\/\/fincalamorera.com\/es\/wp-json\/wp\/v2\/pages\/4163\/revisions\/4164"}],"wp:featuredmedia":[{"embeddable":true,"href":"https:\/\/fincalamorera.com\/es\/wp-json\/wp\/v2\/media\/3676"}],"wp:attachment":[{"href":"https:\/\/fincalamorera.com\/es\/wp-json\/wp\/v2\/media?parent=4163"}],"curies":[{"name":"wp","href":"https:\/\/api.w.org\/{rel}","templated":true}]}}