{"id":4307,"date":"2025-06-20T18:34:29","date_gmt":"2025-06-20T18:34:29","guid":{"rendered":"https:\/\/fincalamorera.com\/el-jardin\/"},"modified":"2025-08-22T21:28:04","modified_gmt":"2025-08-22T21:28:04","slug":"el-jardin","status":"publish","type":"page","link":"https:\/\/fincalamorera.com\/es\/el-jardin\/","title":{"rendered":"EL JARD\u00cdN"},"content":{"rendered":"\t\t<div data-elementor-type=\"wp-page\" data-elementor-id=\"4307\" class=\"elementor elementor-4307 elementor-235\" data-elementor-post-type=\"page\">\n\t\t\t\t<div class=\"elementor-element elementor-element-e191384 e-con-full e-flex e-con e-parent\" data-id=\"e191384\" data-element_type=\"container\" data-e-type=\"container\" data-settings=\"{&quot;background_background&quot;:&quot;classic&quot;}\">\n\t\t<div class=\"elementor-element elementor-element-8c8679b e-con-full e-flex e-con e-child\" data-id=\"8c8679b\" data-element_type=\"container\" data-e-type=\"container\" data-settings=\"{&quot;background_background&quot;:&quot;classic&quot;}\">\n\t\t\t\t<\/div>\n\t\t<div class=\"elementor-element elementor-element-dc73456 e-con-full e-flex e-con e-child\" data-id=\"dc73456\" data-element_type=\"container\" data-e-type=\"container\" data-settings=\"{&quot;background_background&quot;:&quot;classic&quot;}\">\n\t\t<div class=\"elementor-element elementor-element-ebb6a66 e-con-full e-flex e-con e-child\" data-id=\"ebb6a66\" data-element_type=\"container\" data-e-type=\"container\">\n\t\t\t\t<div class=\"elementor-element elementor-element-5aa50f7 elementor-widget elementor-widget-heading\" data-id=\"5aa50f7\" data-element_type=\"widget\" data-e-type=\"widget\" data-widget_type=\"heading.default\">\n\t\t\t\t\t<p class=\"elementor-heading-title elementor-size-default\">del huerto, con cari\u00f1o<\/p>\t\t\t\t<\/div>\n\t\t\t\t<\/div>\n\t\t\t\t<div class=\"elementor-element elementor-element-184934f elementor-widget__width-initial elementor-widget-mobile__width-inherit elementor-widget elementor-widget-text-editor\" data-id=\"184934f\" data-element_type=\"widget\" data-e-type=\"widget\" data-widget_type=\"text-editor.default\">\n\t\t\t\t\t\t\t\t\t<p>En el coraz\u00f3n de La Morera hay un huerto ecol\u00f3gico que crece de manera saludable y abundante.<\/p><p>En \u00e9l encontrar\u00e1s verduras de temporada, hierbas arom\u00e1ticas, \u00e1rboles frutales y flores: tomates, menta, limones, higos y otros productos que ofrece la naturaleza seg\u00fan la \u00e9poca.<\/p><p>Durante tu estancia puedes recolectar directamente del jard\u00edn y disfrutar de preparar comidas frescas y sencillas con ingredientes de la propia finca \u2014 una forma aut\u00e9ntica de conectar con el entorno.<\/p>\t\t\t\t\t\t\t\t<\/div>\n\t\t\t\t<\/div>\n\t\t\t\t<\/div>\n\t\t<div class=\"elementor-element elementor-element-d344125 e-con-full e-flex e-con e-parent\" data-id=\"d344125\" data-element_type=\"container\" data-e-type=\"container\" data-settings=\"{&quot;background_background&quot;:&quot;classic&quot;}\">\n\t\t<div class=\"elementor-element elementor-element-6cdb3da e-con-full e-flex e-con e-child\" data-id=\"6cdb3da\" data-element_type=\"container\" data-e-type=\"container\" data-settings=\"{&quot;background_background&quot;:&quot;classic&quot;}\">\n\t\t<div class=\"elementor-element elementor-element-d4ce8a9 e-con-full e-flex e-con e-child\" data-id=\"d4ce8a9\" data-element_type=\"container\" data-e-type=\"container\">\n\t\t\t\t<div class=\"elementor-element elementor-element-cb57d0e elementor-widget elementor-widget-heading\" data-id=\"cb57d0e\" data-element_type=\"widget\" data-e-type=\"widget\" data-widget_type=\"heading.default\">\n\t\t\t\t\t<h2 class=\"elementor-heading-title elementor-size-default\">COMPA\u00d1EROS DEL CAMPO<\/h2>\t\t\t\t<\/div>\n\t\t\t\t<div class=\"elementor-element elementor-element-7c8a5ed elementor-widget elementor-widget-heading\" data-id=\"7c8a5ed\" data-element_type=\"widget\" data-e-type=\"widget\" data-widget_type=\"heading.default\">\n\t\t\t\t\t<h3 class=\"elementor-heading-title elementor-size-default\">parte del lugar, parte del ritmo<\/h3>\t\t\t\t<\/div>\n\t\t\t\t<div class=\"elementor-element elementor-element-81e8b87 elementor-widget__width-initial elementor-widget-mobile__width-inherit elementor-widget-widescreen__width-initial elementor-widget elementor-widget-text-editor\" data-id=\"81e8b87\" data-element_type=\"widget\" data-e-type=\"widget\" data-widget_type=\"text-editor.default\">\n\t\t\t\t\t\t\t\t\t<p>La Morera es hogar de algunos animales que forman parte de la vida cotidiana en la finca.<\/p><p>Gallinas en libertad nos regalan huevos frescos cada ma\u00f1ana. Las ovejas pastan tranquilamente por los campos, y los conejos tienen su propio espacio junto al huerto. En los \u00e1rboles anidan aves que se dejan ver por toda la finca.<\/p><p>Creemos en una forma de vida en armon\u00eda con la naturaleza \u2014 con respeto, presencia y sencillez.<\/p>\t\t\t\t\t\t\t\t<\/div>\n\t\t\t\t<\/div>\n\t\t\t\t<\/div>\n\t\t<div class=\"elementor-element elementor-element-5351beb e-con-full e-flex e-con e-child\" data-id=\"5351beb\" data-element_type=\"container\" data-e-type=\"container\" data-settings=\"{&quot;background_background&quot;:&quot;classic&quot;}\">\n\t\t\t\t<\/div>\n\t\t\t\t<\/div>\n\t\t<div class=\"elementor-element elementor-element-7575094 e-con-full e-flex e-con e-parent\" data-id=\"7575094\" data-element_type=\"container\" data-e-type=\"container\" data-settings=\"{&quot;background_background&quot;:&quot;classic&quot;}\">\n\t\t\t\t<\/div>\n\t\t<div class=\"elementor-element elementor-element-cd10d8e e-con-full e-flex e-con e-parent\" data-id=\"cd10d8e\" data-element_type=\"container\" data-e-type=\"container\" data-settings=\"{&quot;background_background&quot;:&quot;classic&quot;}\">\n\t\t<div class=\"elementor-element elementor-element-6b8226f e-con-full e-flex e-con e-child\" data-id=\"6b8226f\" data-element_type=\"container\" data-e-type=\"container\" data-settings=\"{&quot;background_background&quot;:&quot;classic&quot;}\">\n\t\t\t\t<\/div>\n\t\t<div class=\"elementor-element elementor-element-ea61329 e-con-full e-flex e-con e-child\" data-id=\"ea61329\" data-element_type=\"container\" data-e-type=\"container\" data-settings=\"{&quot;background_background&quot;:&quot;classic&quot;}\">\n\t\t<div class=\"elementor-element elementor-element-4170bc4 e-con-full e-flex e-con e-child\" data-id=\"4170bc4\" data-element_type=\"container\" data-e-type=\"container\">\n\t\t\t\t<div class=\"elementor-element elementor-element-aaaf8a5 elementor-widget elementor-widget-heading\" data-id=\"aaaf8a5\" data-element_type=\"widget\" data-e-type=\"widget\" data-widget_type=\"heading.default\">\n\t\t\t\t\t<h2 class=\"elementor-heading-title elementor-size-default\">VINO &amp; ACEITE DE OLIVA<\/h2>\t\t\t\t<\/div>\n\t\t\t\t<div class=\"elementor-element elementor-element-a8f9bbd elementor-widget elementor-widget-heading\" data-id=\"a8f9bbd\" data-element_type=\"widget\" data-e-type=\"widget\" data-widget_type=\"heading.default\">\n\t\t\t\t\t<h3 class=\"elementor-heading-title elementor-size-default\">el sabor de la tierra<\/h3>\t\t\t\t<\/div>\n\t\t\t\t<div class=\"elementor-element elementor-element-7dc3e9a elementor-widget__width-initial elementor-widget-mobile__width-inherit elementor-widget-widescreen__width-initial elementor-widget elementor-widget-text-editor\" data-id=\"7dc3e9a\" data-element_type=\"widget\" data-e-type=\"widget\" data-widget_type=\"text-editor.default\">\n\t\t\t\t\t\t\t\t\t<p>La tierra tambi\u00e9n nos regala su propio vino y aceite de oliva \u2014 cultivados, cosechados y elaborados directamente en la finca.<\/p><p>Nuestro vi\u00f1edo y los antiguos olivos forman ya parte esencial de la identidad de La Morera.<\/p><p>Durante tu estancia est\u00e1s invitado a disfrutar de ambos y a saborear lo que esta tierra ofrece.<\/p>\t\t\t\t\t\t\t\t<\/div>\n\t\t\t\t<\/div>\n\t\t\t\t<\/div>\n\t\t\t\t<\/div>\n\t\t\t\t<\/div>\n\t\t","protected":false},"excerpt":{"rendered":"<p>del huerto, con cari\u00f1o En el coraz\u00f3n de La Morera hay un huerto ecol\u00f3gico que crece de manera saludable y abundante. En \u00e9l encontrar\u00e1s verduras de temporada, hierbas arom\u00e1ticas, \u00e1rboles frutales y flores: tomates, menta, limones, higos y otros productos que ofrece la naturaleza seg\u00fan la \u00e9poca. Durante tu estancia puedes recolectar directamente del jard\u00edn [&hellip;]<\/p>\n","protected":false},"author":1,"featured_media":0,"parent":0,"menu_order":0,"comment_status":"closed","ping_status":"closed","template":"elementor_header_footer","meta":{"footnotes":""},"class_list":["post-4307","page","type-page","status-publish","hentry"],"_links":{"self":[{"href":"https:\/\/fincalamorera.com\/es\/wp-json\/wp\/v2\/pages\/4307","targetHints":{"allow":["GET"]}}],"collection":[{"href":"https:\/\/fincalamorera.com\/es\/wp-json\/wp\/v2\/pages"}],"about":[{"href":"https:\/\/fincalamorera.com\/es\/wp-json\/wp\/v2\/types\/page"}],"author":[{"embeddable":true,"href":"https:\/\/fincalamorera.com\/es\/wp-json\/wp\/v2\/users\/1"}],"replies":[{"embeddable":true,"href":"https:\/\/fincalamorera.com\/es\/wp-json\/wp\/v2\/comments?post=4307"}],"version-history":[{"count":1,"href":"https:\/\/fincalamorera.com\/es\/wp-json\/wp\/v2\/pages\/4307\/revisions"}],"predecessor-version":[{"id":4308,"href":"https:\/\/fincalamorera.com\/es\/wp-json\/wp\/v2\/pages\/4307\/revisions\/4308"}],"wp:attachment":[{"href":"https:\/\/fincalamorera.com\/es\/wp-json\/wp\/v2\/media?parent=4307"}],"curies":[{"name":"wp","href":"https:\/\/api.w.org\/{rel}","templated":true}]}}