{"id":4311,"date":"2025-06-20T18:35:44","date_gmt":"2025-06-20T18:35:44","guid":{"rendered":"https:\/\/fincalamorera.com\/bodas-eventos\/"},"modified":"2025-08-20T19:31:03","modified_gmt":"2025-08-20T19:31:03","slug":"bodas-eventos","status":"publish","type":"page","link":"https:\/\/fincalamorera.com\/es\/bodas-eventos\/","title":{"rendered":"BODAS &amp; EVENTOS"},"content":{"rendered":"\t\t<div data-elementor-type=\"wp-page\" data-elementor-id=\"4311\" class=\"elementor elementor-4311 elementor-239\" data-elementor-post-type=\"page\">\n\t\t\t\t<div class=\"elementor-element elementor-element-2f5f8c6 e-con-full e-flex e-con e-parent\" data-id=\"2f5f8c6\" data-element_type=\"container\" data-e-type=\"container\" data-settings=\"{&quot;background_background&quot;:&quot;classic&quot;}\">\n\t\t<div class=\"elementor-element elementor-element-8422795 e-con-full e-flex e-con e-child\" data-id=\"8422795\" data-element_type=\"container\" data-e-type=\"container\" data-settings=\"{&quot;background_background&quot;:&quot;classic&quot;}\">\n\t\t\t\t<\/div>\n\t\t<div class=\"elementor-element elementor-element-9592a87 e-con-full e-flex e-con e-child\" data-id=\"9592a87\" data-element_type=\"container\" data-e-type=\"container\" data-settings=\"{&quot;background_background&quot;:&quot;classic&quot;}\">\n\t\t<div class=\"elementor-element elementor-element-ffcb095 e-con-full e-flex e-con e-child\" data-id=\"ffcb095\" data-element_type=\"container\" data-e-type=\"container\">\n\t\t\t\t<div class=\"elementor-element elementor-element-69eb80f elementor-widget elementor-widget-heading\" data-id=\"69eb80f\" data-element_type=\"widget\" data-e-type=\"widget\" data-widget_type=\"heading.default\">\n\t\t\t\t\t<h1 class=\"elementor-heading-title elementor-size-default\">BODAS &amp; EVENTOS<\/h1>\t\t\t\t<\/div>\n\t\t\t\t<div class=\"elementor-element elementor-element-fe79bff elementor-widget elementor-widget-heading\" data-id=\"fe79bff\" data-element_type=\"widget\" data-e-type=\"widget\" data-widget_type=\"heading.default\">\n\t\t\t\t\t<p class=\"elementor-heading-title elementor-size-default\">Celebra la vida en La Morera<\/p>\t\t\t\t<\/div>\n\t\t\t\t<\/div>\n\t\t\t\t<div class=\"elementor-element elementor-element-2fdbdda elementor-widget__width-inherit elementor-widget-mobile__width-inherit elementor-widget elementor-widget-text-editor\" data-id=\"2fdbdda\" data-element_type=\"widget\" data-e-type=\"widget\" data-widget_type=\"text-editor.default\">\n\t\t\t\t\t\t\t\t\t<p>Ya sea una boda, un cumplea\u00f1os, un retiro de bienestar o un evento privado, La Morera ofrece un entorno sereno y vers\u00e1til. La finca est\u00e1 disponible en alquiler exclusivo y brinda amplitud, confort y vistas abiertas al paisaje andaluz. <\/p><p>Estaremos encantados de ayudarte con la planificaci\u00f3n y de ponerte en contacto con colaboradores locales de confianza. Solo tienes que contarnos tu idea \u2014 nosotros te ayudaremos a crear algo realmente inolvidable. <\/p>\t\t\t\t\t\t\t\t<\/div>\n\t\t\t\t<div class=\"elementor-element elementor-element-856e591 elementor-widget elementor-widget-heading\" data-id=\"856e591\" data-element_type=\"widget\" data-e-type=\"widget\" data-widget_type=\"heading.default\">\n\t\t\t\t\t<p class=\"elementor-heading-title elementor-size-default\"><a href=\"https:\/\/fincalamorera.com\/contact\/\">Cont\u00e1ctanos<\/a><\/p>\t\t\t\t<\/div>\n\t\t\t\t<\/div>\n\t\t\t\t<\/div>\n\t\t\t\t<\/div>\n\t\t","protected":false},"excerpt":{"rendered":"<p>BODAS &amp; EVENTOS Celebra la vida en La Morera Ya sea una boda, un cumplea\u00f1os, un retiro de bienestar o un evento privado, La Morera ofrece un entorno sereno y vers\u00e1til. La finca est\u00e1 disponible en alquiler exclusivo y brinda amplitud, confort y vistas abiertas al paisaje andaluz. Estaremos encantados de ayudarte con la planificaci\u00f3n [&hellip;]<\/p>\n","protected":false},"author":1,"featured_media":0,"parent":0,"menu_order":0,"comment_status":"closed","ping_status":"closed","template":"elementor_header_footer","meta":{"footnotes":""},"class_list":["post-4311","page","type-page","status-publish","hentry"],"_links":{"self":[{"href":"https:\/\/fincalamorera.com\/es\/wp-json\/wp\/v2\/pages\/4311","targetHints":{"allow":["GET"]}}],"collection":[{"href":"https:\/\/fincalamorera.com\/es\/wp-json\/wp\/v2\/pages"}],"about":[{"href":"https:\/\/fincalamorera.com\/es\/wp-json\/wp\/v2\/types\/page"}],"author":[{"embeddable":true,"href":"https:\/\/fincalamorera.com\/es\/wp-json\/wp\/v2\/users\/1"}],"replies":[{"embeddable":true,"href":"https:\/\/fincalamorera.com\/es\/wp-json\/wp\/v2\/comments?post=4311"}],"version-history":[{"count":1,"href":"https:\/\/fincalamorera.com\/es\/wp-json\/wp\/v2\/pages\/4311\/revisions"}],"predecessor-version":[{"id":4312,"href":"https:\/\/fincalamorera.com\/es\/wp-json\/wp\/v2\/pages\/4311\/revisions\/4312"}],"wp:attachment":[{"href":"https:\/\/fincalamorera.com\/es\/wp-json\/wp\/v2\/media?parent=4311"}],"curies":[{"name":"wp","href":"https:\/\/api.w.org\/{rel}","templated":true}]}}