{"id":4313,"date":"2025-06-20T18:36:38","date_gmt":"2025-06-20T18:36:38","guid":{"rendered":"https:\/\/fincalamorera.com\/ubicacion\/"},"modified":"2025-08-20T19:34:50","modified_gmt":"2025-08-20T19:34:50","slug":"ubicacion","status":"publish","type":"page","link":"https:\/\/fincalamorera.com\/es\/ubicacion\/","title":{"rendered":"Ubicaci\u00f3n"},"content":{"rendered":"\t\t<div data-elementor-type=\"wp-page\" data-elementor-id=\"4313\" class=\"elementor elementor-4313 elementor-245\" data-elementor-post-type=\"page\">\n\t\t\t\t<div class=\"elementor-element elementor-element-819e08f e-con-full e-flex e-con e-parent\" data-id=\"819e08f\" data-element_type=\"container\" data-e-type=\"container\" data-settings=\"{&quot;background_background&quot;:&quot;classic&quot;}\">\n\t\t<div class=\"elementor-element elementor-element-8946987 e-con-full e-flex e-con e-child\" data-id=\"8946987\" data-element_type=\"container\" data-e-type=\"container\">\n\t\t\t\t<div class=\"elementor-element elementor-element-9fdecd8 elementor-widget__width-inherit elementor-widget elementor-widget-jet-map\" data-id=\"9fdecd8\" data-element_type=\"widget\" data-e-type=\"widget\" data-widget_type=\"jet-map.default\">\n\t\t\t\t<div class=\"elementor-widget-container\">\n\t\t\t\t\t<div class=\"jet-map\" data-provider=\"google\" data-init=\"{&quot;center&quot;:{&quot;lat&quot;:36.79586949999999,&quot;lng&quot;:-5.1553657},&quot;zoom&quot;:9,&quot;scrollwheel&quot;:true,&quot;zoomControl&quot;:true,&quot;pinsAutoClose&quot;:false,&quot;draggable&quot;:true,&quot;provider&quot;:&quot;google&quot;,&quot;fullscreenControl&quot;:false,&quot;streetViewControl&quot;:false,&quot;mapTypeControl&quot;:false,&quot;styles&quot;:[{&quot;featureType&quot;:&quot;all&quot;,&quot;elementType&quot;:&quot;labels.text.fill&quot;,&quot;stylers&quot;:[{&quot;saturation&quot;:36},{&quot;color&quot;:&quot;#000000&quot;},{&quot;lightness&quot;:40}]},{&quot;featureType&quot;:&quot;all&quot;,&quot;elementType&quot;:&quot;labels.text.stroke&quot;,&quot;stylers&quot;:[{&quot;visibility&quot;:&quot;on&quot;},{&quot;color&quot;:&quot;#000000&quot;},{&quot;lightness&quot;:16}]},{&quot;featureType&quot;:&quot;all&quot;,&quot;elementType&quot;:&quot;labels.icon&quot;,&quot;stylers&quot;:[{&quot;visibility&quot;:&quot;off&quot;}]},{&quot;featureType&quot;:&quot;administrative&quot;,&quot;elementType&quot;:&quot;geometry.fill&quot;,&quot;stylers&quot;:[{&quot;color&quot;:&quot;#000000&quot;},{&quot;lightness&quot;:20}]},{&quot;featureType&quot;:&quot;administrative&quot;,&quot;elementType&quot;:&quot;geometry.stroke&quot;,&quot;stylers&quot;:[{&quot;color&quot;:&quot;#000000&quot;},{&quot;lightness&quot;:17},{&quot;weight&quot;:1.2}]},{&quot;featureType&quot;:&quot;landscape&quot;,&quot;elementType&quot;:&quot;geometry&quot;,&quot;stylers&quot;:[{&quot;color&quot;:&quot;#000000&quot;},{&quot;lightness&quot;:20}]},{&quot;featureType&quot;:&quot;poi&quot;,&quot;elementType&quot;:&quot;geometry&quot;,&quot;stylers&quot;:[{&quot;color&quot;:&quot;#000000&quot;},{&quot;lightness&quot;:21}]},{&quot;featureType&quot;:&quot;road.highway&quot;,&quot;elementType&quot;:&quot;geometry.fill&quot;,&quot;stylers&quot;:[{&quot;color&quot;:&quot;#000000&quot;},{&quot;lightness&quot;:17}]},{&quot;featureType&quot;:&quot;road.highway&quot;,&quot;elementType&quot;:&quot;geometry.stroke&quot;,&quot;stylers&quot;:[{&quot;color&quot;:&quot;#000000&quot;},{&quot;lightness&quot;:29},{&quot;weight&quot;:0.2}]},{&quot;featureType&quot;:&quot;road.arterial&quot;,&quot;elementType&quot;:&quot;geometry&quot;,&quot;stylers&quot;:[{&quot;color&quot;:&quot;#000000&quot;},{&quot;lightness&quot;:18}]},{&quot;featureType&quot;:&quot;road.local&quot;,&quot;elementType&quot;:&quot;geometry&quot;,&quot;stylers&quot;:[{&quot;color&quot;:&quot;#000000&quot;},{&quot;lightness&quot;:16}]},{&quot;featureType&quot;:&quot;transit&quot;,&quot;elementType&quot;:&quot;geometry&quot;,&quot;stylers&quot;:[{&quot;color&quot;:&quot;#000000&quot;},{&quot;lightness&quot;:19}]},{&quot;featureType&quot;:&quot;water&quot;,&quot;elementType&quot;:&quot;geometry&quot;,&quot;stylers&quot;:[{&quot;color&quot;:&quot;#000000&quot;},{&quot;lightness&quot;:17}]}]}\" data-pins=\"[{&quot;address&quot;:&quot;Finca la Morera, Lugar Partido Rural Ribera de los Frailes, 41, 29400 Ronda, M\\u00e1laga&quot;,&quot;position&quot;:{&quot;lat&quot;:36.79586949999999,&quot;lng&quot;:-5.1553657},&quot;desc&quot;:&quot;&quot;,&quot;state&quot;:&quot;visible&quot;,&quot;image&quot;:&quot;https:\\\/\\\/fincalamorera.com\\\/wp-content\\\/uploads\\\/2025\\\/06\\\/Asset-6.svg&quot;,&quot;image_width&quot;:50,&quot;image_height&quot;:50}]\"><\/div>\t\t\t\t<\/div>\n\t\t\t\t<\/div>\n\t\t\t\t<\/div>\n\t\t<div class=\"elementor-element elementor-element-f5dc6df e-con-full e-flex e-con e-child\" data-id=\"f5dc6df\" data-element_type=\"container\" data-e-type=\"container\" data-settings=\"{&quot;background_background&quot;:&quot;classic&quot;}\">\n\t\t<div class=\"elementor-element elementor-element-5d4dd6e e-con-full e-flex e-con e-child\" data-id=\"5d4dd6e\" data-element_type=\"container\" data-e-type=\"container\">\n\t\t\t\t<div class=\"elementor-element elementor-element-c36edd7 elementor-widget elementor-widget-heading\" data-id=\"c36edd7\" data-element_type=\"widget\" data-e-type=\"widget\" data-widget_type=\"heading.default\">\n\t\t\t\t\t<h1 class=\"elementor-heading-title elementor-size-default\">C\u00d3MO LLEGAR<\/h1>\t\t\t\t<\/div>\n\t\t\t\t<div class=\"elementor-element elementor-element-7220407 elementor-widget elementor-widget-heading\" data-id=\"7220407\" data-element_type=\"widget\" data-e-type=\"widget\" data-widget_type=\"heading.default\">\n\t\t\t\t\t<p class=\"elementor-heading-title elementor-size-default\">a Finca La Morera<\/p>\t\t\t\t<\/div>\n\t\t\t\t<\/div>\n\t\t<div class=\"elementor-element elementor-element-58b7b3f e-con-full e-flex e-con e-child\" data-id=\"58b7b3f\" data-element_type=\"container\" data-e-type=\"container\">\n\t\t<div class=\"elementor-element elementor-element-f97ca67 e-con-full e-flex e-con e-child\" data-id=\"f97ca67\" data-element_type=\"container\" data-e-type=\"container\">\n\t\t\t\t<div class=\"elementor-element elementor-element-4cf2e76 elementor-widget__width-inherit elementor-view-default elementor-widget elementor-widget-icon\" data-id=\"4cf2e76\" data-element_type=\"widget\" data-e-type=\"widget\" data-widget_type=\"icon.default\">\n\t\t\t\t\t\t\t<div class=\"elementor-icon-wrapper\">\n\t\t\t<div class=\"elementor-icon\">\n\t\t\t<svg xmlns=\"http:\/\/www.w3.org\/2000\/svg\" id=\"&#x421;&#x43B;&#x43E;&#x439;_1\" height=\"512\" viewBox=\"0 0 500 500\" width=\"512\"><g><g><g><path d=\"m410.3 364.4c-.1 0-.3 0-.4 0l-159.8-2-159.7 2c-6.1 0-12.2-1.4-17.6-4.2-12.5-6.6-20.2-20.1-19.6-34.2l3.7-77.9c.5-11.1 4.5-21.6 11.5-30.3l11.4-14.1c3.1-3.9 5.7-8.2 7.7-12.7 0 0 .3-.6.4-.8l22.7-55.6c8.5-20.9 28.6-34.4 51.2-34.4h177c22.6 0 42.6 13.5 51.2 34.4l24.1 59c1.1 2.6 2.5 5.1 4.3 7.3l13.7 16.9c7 8.6 11 19.1 11.5 30.3l3.7 77.9c.7 14.2-7 27.6-19.6 34.2-5.5 2.7-11.5 4.2-17.4 4.2zm-315.6-170.2c-2.2 5.2-5.2 10.1-8.8 14.6l-11.4 14.1c-5.9 7.3-9.3 16.2-9.7 25.6l-3.7 77.9c-.5 11.1 5.5 21.6 15.3 26.8 4.2 2.2 8.9 3.4 13.8 3.3l159.9-2 159.8 2c4.8.1 9.6-1.1 13.8-3.3 9.8-5.2 15.8-15.7 15.3-26.8l-3.7-77.9c-.4-9.4-3.8-18.3-9.7-25.6l-13.7-17c-2.3-2.8-4.1-5.9-5.5-9.3l-1.1-2.6-23-56.4c-7.3-17.9-24.5-29.4-43.8-29.4h-177c-19.3 0-36.5 11.5-43.7 29.4l-22.7 55.6c-.1.3-.3.6-.4 1z\"><\/path><\/g><\/g><g><path d=\"m123.4 399.8h-31c-12 0-21.8-9.8-21.8-21.8v-21.4c0-2.2 1.8-4 4-4s4 1.8 4 4v21.4c0 7.6 6.2 13.8 13.8 13.8h31.1c7.6 0 13.8-6.2 13.8-13.8v-18.2c0-2.2 1.8-4 4-4s4 1.8 4 4v18.2c-.1 12-9.8 21.8-21.9 21.8z\"><\/path><\/g><g><path d=\"m407.7 399.8h-31.1c-12 0-21.8-9.8-21.8-21.8v-18.2c0-2.2 1.8-4 4-4s4 1.8 4 4v18.2c0 7.6 6.2 13.8 13.8 13.8h31.1c7.6 0 13.8-6.2 13.8-13.8v-21.4c0-2.2 1.8-4 4-4s4 1.8 4 4v21.4c.1 12-9.7 21.8-21.8 21.8z\"><\/path><\/g><g><path d=\"m73.8 221.4c-.7 0-1.4-.2-2-.6l-16-9.5c-6.1-3.6-8.9-11.1-6.6-17.9l1.3-3.8c2.3-6.7 8.8-10.8 15.8-10.1l12.8 1.4c2.8.3 5.5 1.4 7.7 3.1l6.6 5.2c1.7 1.4 2 3.9.7 5.6-1.4 1.7-3.9 2-5.6.7l-6.7-5.2c-1-.8-2.3-1.3-3.6-1.5l-12.8-1.4c-3.3-.4-6.3 1.6-7.4 4.7l-1.3 3.8c-1.1 3.1.2 6.7 3.1 8.4l16 9.5c1.9 1.1 2.5 3.6 1.4 5.5-.8 1.4-2.1 2.1-3.4 2.1z\"><\/path><\/g><g><path d=\"m426.3 221.4c-1.4 0-2.7-.7-3.4-2-1.1-1.9-.5-4.4 1.4-5.5l15.9-9.4c2.9-1.7 4.2-5.2 3.1-8.4l-1.3-3.8c-1.1-3.1-4.1-5.1-7.4-4.7l-12.8 1.4c-1.3.1-2.6.6-3.6 1.5l-6.6 5.2c-1.7 1.4-4.3 1.1-5.6-.7s-1.1-4.3.7-5.6l6.6-5.2c2.2-1.7 4.9-2.8 7.7-3.1l12.8-1.4c7-.7 13.5 3.4 15.8 10.1l1.3 3.8c2.3 6.7-.4 14.2-6.5 17.8l-15.9 9.4c-.8.4-1.5.6-2.2.6z\"><\/path><\/g><g><path d=\"m395.4 208.7c-.1 0-.2 0-.3 0-.9-.1-89.5-6.8-144.6-6.8h-.5c-55.1 0-143.7 6.8-144.6 6.8-1.4.1-2.7-.5-3.5-1.6s-1-2.6-.5-3.9l25.3-62c5.8-14.2 19.5-23.4 34.8-23.4h177.5c15.3 0 29 9.2 34.8 23.4l25.3 62c.5 1.3.3 2.7-.5 3.9-.7 1-1.9 1.6-3.2 1.6zm-233.8-82.9c-12.1 0-22.8 7.2-27.4 18.4l-22.9 56c21.5-1.6 92-6.4 138.7-6.4h.5c46.7 0 117.2 4.8 138.7 6.4l-22.9-56c-4.6-11.2-15.3-18.4-27.4-18.4z\"><\/path><\/g><g><g><path d=\"m142.5 286.6c-1.6 0-3.2-.2-4.7-.7l-33.3-10.7c-3.8-1.2-7.2-3.2-10.2-5.9-2.9-2.7-5.2-5.9-6.7-9.6-.8-1.9-1.2-3.9-1.2-5.9 0-3.4 1.2-6.8 3.3-9.5 3.7-4.7 9.8-6.8 15.5-5.5l41.5 9.5c7.6 1.7 12.7 8.9 11.9 16.6l-.8 8c-.5 4.6-3 8.8-6.9 11.3-2.6 1.5-5.5 2.4-8.4 2.4zm-40.7-40.3c-2.2 0-4.4 1-5.8 2.8-1 1.3-1.6 2.9-1.6 4.6 0 1 .2 2 .6 2.8 1.1 2.6 2.7 4.9 4.8 6.8s4.5 3.3 7.2 4.2l33.3 10.7c2.1.7 4.4.4 6.3-.8s3.1-3.2 3.3-5.4l.8-8c.4-3.7-2.1-7.2-5.7-8l-41.6-9.5c-.5-.2-1.1-.2-1.6-.2z\"><\/path><\/g><g><path d=\"m357.6 286.6c-2.9 0-5.8-.8-8.4-2.5-3.9-2.5-6.4-6.7-6.9-11.3l-.8-8c-.8-7.8 4.3-14.9 11.9-16.6l41.5-9.5c5.8-1.3 11.9.8 15.5 5.5 2.1 2.7 3.3 6.1 3.3 9.5 0 2.1-.4 4.1-1.2 6-1.5 3.7-3.8 6.9-6.7 9.6s-6.3 4.7-10.1 5.9l-33.3 10.7c-1.6.4-3.2.7-4.8.7zm40.7-40.3c-.5 0-1.1.1-1.6.2l-41.5 9.5c-3.7.8-6.1 4.3-5.7 8l.8 8c.2 2.2 1.4 4.2 3.3 5.4s4.2 1.5 6.3.8l33.3-10.7c2.7-.9 5.1-2.3 7.2-4.2s3.7-4.2 4.8-6.8c.4-.9.6-1.9.6-2.9 0-1.7-.6-3.3-1.6-4.6-1.4-1.7-3.6-2.7-5.9-2.7z\"><\/path><\/g><\/g><g><path d=\"m304.2 323h-107.9c-7.1 0-12.8-5.8-12.8-12.8v-6.2c0-7.1 5.8-12.8 12.8-12.8h107.9c7.1 0 12.8 5.8 12.8 12.8v6.2c0 7.1-5.7 12.8-12.8 12.8zm-107.9-23.8c-2.7 0-4.8 2.2-4.8 4.8v6.2c0 2.7 2.2 4.8 4.8 4.8h107.9c2.7 0 4.8-2.2 4.8-4.8v-6.2c0-2.7-2.2-4.8-4.8-4.8z\"><\/path><\/g><\/g><\/svg>\t\t\t<\/div>\n\t\t<\/div>\n\t\t\t\t\t\t<\/div>\n\t\t\t\t<div class=\"elementor-element elementor-element-6ed1465 elementor-widget__width-initial elementor-widget-laptop__width-initial elementor-widget elementor-widget-heading\" data-id=\"6ed1465\" data-element_type=\"widget\" data-e-type=\"widget\" data-widget_type=\"heading.default\">\n\t\t\t\t\t<h3 class=\"elementor-heading-title elementor-size-default\">EN COCHE<\/h3>\t\t\t\t<\/div>\n\t\t\t\t<div class=\"elementor-element elementor-element-bb28145 elementor-widget-laptop__width-initial elementor-widget elementor-widget-text-editor\" data-id=\"bb28145\" data-element_type=\"widget\" data-e-type=\"widget\" data-widget_type=\"text-editor.default\">\n\t\t\t\t\t\t\t\t\t<p>La finca se encuentra a unos 90 minutos en coche de M\u00e1laga y a aproximadamente una hora de Marbella. En la propiedad hay aparcamiento privado gratuito para los hu\u00e9spedes.<\/p>\t\t\t\t\t\t\t\t<\/div>\n\t\t\t\t<\/div>\n\t\t<div class=\"elementor-element elementor-element-59f6ceb e-con-full e-flex e-con e-child\" data-id=\"59f6ceb\" data-element_type=\"container\" data-e-type=\"container\">\n\t\t\t\t<div class=\"elementor-element elementor-element-080b17e elementor-view-default elementor-widget elementor-widget-icon\" data-id=\"080b17e\" data-element_type=\"widget\" data-e-type=\"widget\" data-widget_type=\"icon.default\">\n\t\t\t\t\t\t\t<div class=\"elementor-icon-wrapper\">\n\t\t\t<div class=\"elementor-icon\">\n\t\t\t<svg xmlns=\"http:\/\/www.w3.org\/2000\/svg\" id=\"&#x421;&#x43B;&#x43E;&#x439;_1\" height=\"512\" viewBox=\"0 0 500 500\" width=\"512\"><path d=\"\" style=\"fill:none;stroke:rgb(0,0,0);stroke-width:8;stroke-linecap:round;stroke-linejoin:round;stroke-miterlimit:10\"><\/path><g><g><g><g><path d=\"m326.8 414.1c-8.6 0-16.1-6.1-17.8-14.6l-29.4-149.4c-.4-2.2 1-4.3 3.2-4.7s4.3 1 4.7 3.2l29.4 149.4c1 5 5.6 8.5 10.6 8.2 5.6-.4 9.8-5.2 9.4-10.8l-12.9-187c-.2-2.2 1.5-4.1 3.7-4.3 2.2-.1 4.1 1.5 4.3 3.7l12.9 187.1c.7 10-6.9 18.7-16.9 19.3-.4-.1-.8-.1-1.2-.1z\"><\/path><\/g><\/g><g><g><path d=\"m250.7 220.5c-.3 0-.5 0-.8-.1l-149.4-29.4c-9.8-1.9-16.2-11.5-14.3-21.3 1.8-9 9.9-15.2 19-14.6l187.1 12.9c2.2.2 3.9 2.1 3.7 4.3s-2.1 3.9-4.3 3.7l-187.1-12.9c-5.1-.4-9.7 3.2-10.6 8.2-.5 2.7 0 5.4 1.5 7.6s3.8 3.8 6.5 4.3l149.4 29.4c2.2.4 3.6 2.5 3.2 4.7-.4 1.8-2.1 3.2-3.9 3.2z\"><\/path><\/g><\/g><\/g><g><path d=\"m157.3 409.7h-.1c-5-.1-9.4-3.5-10.7-8.3l-10.1-37.8-37.8-10.1c-2.9-.8-5.3-2.6-6.8-5.2s-1.9-5.6-1.1-8.5c1.3-4.8 5.7-8.2 10.7-8.3l37.3-.4 218.2-234.7c12.4-13.3 33.4-14.1 46.7-1.7s14.1 33.4 1.7 46.7c-.5.5-236.4 220-236.4 220l-.4 37.3c-.1 6.1-5.1 11-11.2 11zm-14-71.9c-.7.8-1.8 1.3-2.9 1.3l-39 .5c-1.4 0-2.7 1-3 2.4-.2.8-.1 1.7.3 2.4s1.1 1.3 1.9 1.5l40 10.7c1.4.4 2.5 1.4 2.8 2.8l10.7 40c.4 1.4 1.6 2.3 3 2.4 1.7 0 3.2-1.4 3.2-3.1l.5-39c0-1.1.5-2.2 1.3-2.9 0 0 236.8-220.3 237.1-220.7 9.4-10.1 8.8-26-1.3-35.4s-26-8.8-35.4 1.3c.2-.1-219.2 235.7-219.2 235.8z\"><\/path><\/g><\/g><\/svg>\t\t\t<\/div>\n\t\t<\/div>\n\t\t\t\t\t\t<\/div>\n\t\t\t\t<div class=\"elementor-element elementor-element-239ffc3 elementor-widget__width-initial elementor-widget-laptop__width-initial elementor-widget elementor-widget-heading\" data-id=\"239ffc3\" data-element_type=\"widget\" data-e-type=\"widget\" data-widget_type=\"heading.default\">\n\t\t\t\t\t<h3 class=\"elementor-heading-title elementor-size-default\">EN AVI\u00d3N<\/h3>\t\t\t\t<\/div>\n\t\t\t\t<div class=\"elementor-element elementor-element-e895f4a elementor-widget elementor-widget-text-editor\" data-id=\"e895f4a\" data-element_type=\"widget\" data-e-type=\"widget\" data-widget_type=\"text-editor.default\">\n\t\t\t\t\t\t\t\t\t<p>El aeropuerto m\u00e1s cercano es el de M\u00e1laga (AGP).<br>Desde all\u00ed se puede llegar a la finca en coche de alquiler o mediante un traslado privado.<br>Recomendamos alquilar un coche para poder recorrer c\u00f3modamente la zona y aprovechar al m\u00e1ximo la estancia.<\/p>\t\t\t\t\t\t\t\t<\/div>\n\t\t\t\t<\/div>\n\t\t\t\t<\/div>\n\t\t\t\t<\/div>\n\t\t\t\t<\/div>\n\t\t\t\t<\/div>\n\t\t","protected":false},"excerpt":{"rendered":"<p>C\u00d3MO LLEGAR a Finca La Morera EN COCHE La finca se encuentra a unos 90 minutos en coche de M\u00e1laga y a aproximadamente una hora de Marbella. En la propiedad hay aparcamiento privado gratuito para los hu\u00e9spedes. EN AVI\u00d3N El aeropuerto m\u00e1s cercano es el de M\u00e1laga (AGP).Desde all\u00ed se puede llegar a la finca [&hellip;]<\/p>\n","protected":false},"author":1,"featured_media":0,"parent":0,"menu_order":0,"comment_status":"closed","ping_status":"closed","template":"elementor_header_footer","meta":{"footnotes":""},"class_list":["post-4313","page","type-page","status-publish","hentry"],"_links":{"self":[{"href":"https:\/\/fincalamorera.com\/es\/wp-json\/wp\/v2\/pages\/4313","targetHints":{"allow":["GET"]}}],"collection":[{"href":"https:\/\/fincalamorera.com\/es\/wp-json\/wp\/v2\/pages"}],"about":[{"href":"https:\/\/fincalamorera.com\/es\/wp-json\/wp\/v2\/types\/page"}],"author":[{"embeddable":true,"href":"https:\/\/fincalamorera.com\/es\/wp-json\/wp\/v2\/users\/1"}],"replies":[{"embeddable":true,"href":"https:\/\/fincalamorera.com\/es\/wp-json\/wp\/v2\/comments?post=4313"}],"version-history":[{"count":1,"href":"https:\/\/fincalamorera.com\/es\/wp-json\/wp\/v2\/pages\/4313\/revisions"}],"predecessor-version":[{"id":4314,"href":"https:\/\/fincalamorera.com\/es\/wp-json\/wp\/v2\/pages\/4313\/revisions\/4314"}],"wp:attachment":[{"href":"https:\/\/fincalamorera.com\/es\/wp-json\/wp\/v2\/media?parent=4313"}],"curies":[{"name":"wp","href":"https:\/\/api.w.org\/{rel}","templated":true}]}}