{"id":4319,"date":"2025-06-28T12:39:34","date_gmt":"2025-06-28T12:39:34","guid":{"rendered":"https:\/\/fincalamorera.com\/terminos-y-condiciones-de-alquiler\/"},"modified":"2026-01-16T12:50:22","modified_gmt":"2026-01-16T12:50:22","slug":"terminos-y-condiciones-de-alquiler","status":"publish","type":"page","link":"https:\/\/fincalamorera.com\/es\/terminos-y-condiciones-de-alquiler\/","title":{"rendered":"T\u00e9rminos y condiciones de alquiler"},"content":{"rendered":"\t\t<div data-elementor-type=\"wp-page\" data-elementor-id=\"4319\" class=\"elementor elementor-4319 elementor-2678\" data-elementor-post-type=\"page\">\n\t\t\t\t<div class=\"elementor-element elementor-element-19768a9 e-con-full e-flex e-con e-parent\" data-id=\"19768a9\" data-element_type=\"container\" data-e-type=\"container\" data-settings=\"{&quot;background_background&quot;:&quot;classic&quot;}\">\n\t\t\t\t<div class=\"elementor-element elementor-element-d8a4f7b elementor-widget elementor-widget-heading\" data-id=\"d8a4f7b\" data-element_type=\"widget\" data-e-type=\"widget\" data-widget_type=\"heading.default\">\n\t\t\t\t\t<h2 class=\"elementor-heading-title elementor-size-default\">FINCA LA MORERA\n<\/h2>\t\t\t\t<\/div>\n\t\t\t\t<div class=\"elementor-element elementor-element-4a5aafc elementor-widget elementor-widget-text-editor\" data-id=\"4a5aafc\" data-element_type=\"widget\" data-e-type=\"widget\" data-widget_type=\"text-editor.default\">\n\t\t\t\t\t\t\t\t\t<p>Lugar Partido Ribera de los Frailes, 41 29400 Ronda, Andaluc\u00eda, Espa\u00f1a<br>Registro Turismo Andaluc\u00eda: CR\/MA\/00561<\/p>\t\t\t\t\t\t\t\t<\/div>\n\t\t\t\t<\/div>\n\t\t<div class=\"elementor-element elementor-element-e98b1b8 e-flex e-con-boxed e-con e-parent\" data-id=\"e98b1b8\" data-element_type=\"container\" data-e-type=\"container\" data-settings=\"{&quot;background_background&quot;:&quot;classic&quot;}\">\n\t\t\t\t\t<div class=\"e-con-inner\">\n\t\t\t\t<div class=\"elementor-element elementor-element-488a3fa elementor-widget-tablet__width-inherit elementor-widget elementor-widget-text-editor\" data-id=\"488a3fa\" data-element_type=\"widget\" data-e-type=\"widget\" data-widget_type=\"text-editor.default\">\n\t\t\t\t\t\t\t\t\t<ol><li>Formalizaci\u00f3n del contrato<br>a. Su contrato es con Kaldox Real Estate Espa\u00f1a S.L., CIF B16907990, condomicilio social en Camino Camoj\u00e1n 7 Puerta 5 Edificio Camoj\u00e1n, 29602 Marbella, M\u00e1laga, Spain.<br>b. La reserva se considera vinculante una vez recibido el dep\u00f3sito de 25% no reembolsable mediante transferencia bancaria.  <\/li><li><strong>Pago<\/strong><br>a. Se requiere un dep\u00f3sito del 25 % (no reembolsable) para confirmar la reserva.<br>b. El importe restante debe abonarse como muy tarde 8 semanas antes de la llegada.<br>c. Para reservas a menos de 8 semanas de la llegada, el pago total es inmediato.<br>d. Todos los pagos deben realizarse mediante transferencia bancaria. No se aceptan pagos en efectivo ni pagos en el lugar. Si tiene problemas con transferencias internacionales, cont\u00e1ctenos con antelaci\u00f3n.<br>e. Todos los pagos deben completarse antes de la llegada.       <\/li><li><strong>Precio<\/strong><br>a. Los precios est\u00e1n en euros y corresponden al alquiler semanal sin servicio de comidas.<br>b. El precio incluye: suministros b\u00e1sicos, ropa de cama, toallas, productos esenciales de cocina y ba\u00f1o, y una cesta de bienvenida.   <\/li><li><strong>Dep\u00f3sito de seguridad<\/strong><br>Se requiere un dep\u00f3sito reembolsable de 700\u20ac junto con el pago final. Este cubre posibles da\u00f1os, limpieza excesiva o servicios no abonados. Se reembolsar\u00e1 en un plazo de 7 d\u00edas tras la salida, descontando los gastos que correspondan. <\/li><li><strong>Cancelaciones<\/strong><br>a. Las cancelaciones deben comunicarse por escrito a info@fincalamorera.com.<br>b. El dep\u00f3sito del 25 % no es reembolsable.<br>c. Si la cancelaci\u00f3n se realiza m\u00e1s de 8 semanas antes de la llegada, no se aplican cargos adicionales y no se exigir\u00e1 el pago del importe restante.<br>d. Las cancelaciones realizadas dentro de las 8 semanas previas a la llegada no son reembolsables.<br>e. Las no presentaciones y salidas anticipadas no dan derecho a reembolso.<br>f. Para reservas v\u00eda plataformas externas, aplican sus pol\u00edticas de cancelaci\u00f3n.      <\/li><li><strong>Modifi caciones por nuestra parte<\/strong><br>En raras ocasiones, pueden surgir cambios o cancelaciones. En ese caso, se informar\u00e1 al cliente lo antes posible y se ofrecer\u00e1n alternativas adecuadas o el reembolso total. <\/li><li><strong>Llegada y salida<\/strong><br>La entrada es a partir de las 16:00 h y la salida debe realizarse antes de las 10:00 h. Se puede solicitar entrada anticipada o salida tard\u00eda, seg\u00fan disponibilidad. <\/li><li><strong>Ocupaci\u00f3n<\/strong><br>La ocupaci\u00f3n m\u00e1xima es de 12 adultos. Se permiten hasta 3 beb\u00e9s menores de 2 a\u00f1os, sin coste adicional, siempre que se confirme con antelaci\u00f3n. Bajo ninguna circunstancia se debe superar esta capacidad.  <\/li><li><strong>Acceso<\/strong><br>El propietario o su representante podr\u00e1 acceder con previo aviso para mantenimiento o inspecci\u00f3n.<\/li><li><strong>Responsabilidades del hu\u00e9sped<\/strong><br>Los hu\u00e9spedes deben mantener la propiedad en buen estado y ser\u00e1n responsables de cualquier da\u00f1o o limpieza excesiva que sea necesaria. <\/li><li><strong>Normas de la casa<\/strong><br>a. No se permite fumar en el interior<br>b. No se permiten fi estas ni m\u00fasica alta despu\u00e9s de las 22:00 h, salvo eventos previamente autorizados por escrito (como bodas o celebraciones)<br>c. No se permiten visitas no registradas<br>d. El mobiliario de interior debe permanecer en el interior y no debe moverse de su ubicaci\u00f3n original<br>e. Respete la tranquilidad del entorno y de los vecinos     <\/li><li><strong>Limpieza<\/strong><br>La propiedad se entrega limpia. Los hu\u00e9spedes deben sacar la basura y dejar los platos limpios o en el lavavajillas. Se podr\u00e1n aplicar cargos adicionales por incumplir las normas de salida.  <\/li><li><strong>Ropa de cama y toallas<\/strong><br>Se incluyen s\u00e1banas, toallas de ba\u00f1o y toallas de piscina. No se proporciona ropa de cama para cunas. <\/li><li><strong>Piscinas<\/strong><br>Los ni\u00f1os deben estar siempre supervisados. El uso de las piscinas se realiza bajo responsabilidad del hu\u00e9sped. <\/li><li><strong>Seguridad y objetos de valor<\/strong><br>Los hu\u00e9spedes son responsables de sus pertenencias. Hay cajas fuertes, pero Kaldox Real Estate Espa\u00f1a S.L. no responde por p\u00e9rdidas o da\u00f1os. Las llaves interiores deben quedarse en la propiedad y colgarse en su sitio. Solo pueden sacar la llave principal y el mando del port\u00f3n. Por seguridad, cierre casa, habitaciones y port\u00f3n al salir.    <\/li><li><strong>Internet y dispositivos<\/strong><br>Hay WiFi de alta velocidad. Se dispone de Smart TVs; los hu\u00e9spedes deben usar sus propias credenciales para iniciar sesi\u00f3n. El uso indebido de internet puede dar lugar a restricciones.  <\/li><li><strong>Sostenibilidad<\/strong><br>Se recomienda un uso respetuoso y consciente del agua y la energ\u00eda. Durante la estancia, los hu\u00e9spedes pueden recoger productos del huerto para su consumo personal, con cuidado. <\/li><li><strong>Conducta<\/strong><br>La persona que fi rma el contrato es responsable del comportamiento adecuado del grupo. El incumplimiento de las normas puede resultar en descuentos en el dep\u00f3sito o incluso en la fi nalizaci\u00f3n anticipada de la estancia. <\/li><li><strong>Seguro<\/strong><br>Se recomienda contar con un seguro de viaje que cubra salud, cancelaciones, responsabilidad y pertenencias. Kaldox Real Estate Espa\u00f1a S.L. no se hace responsable por la falta del mismo. <\/li><li><strong>Jurisdicci\u00f3n<\/strong><br>Contrato sujeto a la legislaci\u00f3n espa\u00f1ola. Las disputas se resolver\u00e1n en los juzgados de Ronda, M\u00e1laga. <\/li><\/ol>\t\t\t\t\t\t\t\t<\/div>\n\t\t\t\t\t<\/div>\n\t\t\t\t<\/div>\n\t\t\t\t<\/div>\n\t\t","protected":false},"excerpt":{"rendered":"<p>FINCA LA MORERA Lugar Partido Ribera de los Frailes, 41 29400 Ronda, Andaluc\u00eda, Espa\u00f1aRegistro Turismo Andaluc\u00eda: CR\/MA\/00561 Formalizaci\u00f3n del contratoa. Su contrato es con Kaldox Real Estate Espa\u00f1a S.L., CIF B16907990, condomicilio social en Camino Camoj\u00e1n 7 Puerta 5 Edificio Camoj\u00e1n, 29602 Marbella, M\u00e1laga, Spain.b. La reserva se considera vinculante una vez recibido el dep\u00f3sito [&hellip;]<\/p>\n","protected":false},"author":1,"featured_media":0,"parent":0,"menu_order":0,"comment_status":"closed","ping_status":"closed","template":"elementor_header_footer","meta":{"footnotes":""},"class_list":["post-4319","page","type-page","status-publish","hentry"],"_links":{"self":[{"href":"https:\/\/fincalamorera.com\/es\/wp-json\/wp\/v2\/pages\/4319","targetHints":{"allow":["GET"]}}],"collection":[{"href":"https:\/\/fincalamorera.com\/es\/wp-json\/wp\/v2\/pages"}],"about":[{"href":"https:\/\/fincalamorera.com\/es\/wp-json\/wp\/v2\/types\/page"}],"author":[{"embeddable":true,"href":"https:\/\/fincalamorera.com\/es\/wp-json\/wp\/v2\/users\/1"}],"replies":[{"embeddable":true,"href":"https:\/\/fincalamorera.com\/es\/wp-json\/wp\/v2\/comments?post=4319"}],"version-history":[{"count":2,"href":"https:\/\/fincalamorera.com\/es\/wp-json\/wp\/v2\/pages\/4319\/revisions"}],"predecessor-version":[{"id":4567,"href":"https:\/\/fincalamorera.com\/es\/wp-json\/wp\/v2\/pages\/4319\/revisions\/4567"}],"wp:attachment":[{"href":"https:\/\/fincalamorera.com\/es\/wp-json\/wp\/v2\/media?parent=4319"}],"curies":[{"name":"wp","href":"https:\/\/api.w.org\/{rel}","templated":true}]}}