{"id":4332,"date":"2025-06-28T14:10:25","date_gmt":"2025-06-28T14:10:25","guid":{"rendered":"https:\/\/fincalamorera.com\/gracias-consulta-de-contacto\/"},"modified":"2026-01-28T11:56:54","modified_gmt":"2026-01-28T11:56:54","slug":"gracias-consulta-de-contacto","status":"publish","type":"page","link":"https:\/\/fincalamorera.com\/es\/gracias-consulta-de-contacto\/","title":{"rendered":"Gracias \u2013 Consulta de contacto"},"content":{"rendered":"\t\t<div data-elementor-type=\"wp-page\" data-elementor-id=\"4332\" class=\"elementor elementor-4332 elementor-2813\" data-elementor-post-type=\"page\">\n\t\t\t\t<div class=\"elementor-element elementor-element-c898b05 e-con-full e-flex e-con e-parent\" data-id=\"c898b05\" data-element_type=\"container\" data-e-type=\"container\" data-settings=\"{&quot;background_background&quot;:&quot;classic&quot;}\">\n\t\t<div class=\"elementor-element elementor-element-f2c15d7 e-con-full e-flex e-con e-child\" data-id=\"f2c15d7\" data-element_type=\"container\" data-e-type=\"container\">\n\t\t\t\t<\/div>\n\t\t\t\t<div class=\"elementor-element elementor-element-6dd4fe8 elementor-widget__width-initial elementor-widget elementor-widget-heading\" data-id=\"6dd4fe8\" data-element_type=\"widget\" data-e-type=\"widget\" data-widget_type=\"heading.default\">\n\t\t\t\t\t<h1 class=\"elementor-heading-title elementor-size-default\">Gracias por contactarnos<\/h1>\t\t\t\t<\/div>\n\t\t\t\t<div class=\"elementor-element elementor-element-1a32b51 elementor-widget elementor-widget-text-editor\" data-id=\"1a32b51\" data-element_type=\"widget\" data-e-type=\"widget\" data-widget_type=\"text-editor.default\">\n\t\t\t\t\t\t\t\t\t<p>Hemos recibido su mensaje y nos pondremos en contacto con usted en breve.<\/p><p>Para asuntos urgentes, no dude en llamarnos.<\/p><p><a title=\"Cont\u00e1ctanos para m\u00e1s informaci\u00f3n\" href=\"tel:+34%20659%20457%20473\">+34 659 457 473<\/a><\/p>\t\t\t\t\t\t\t\t<\/div>\n\t\t\t\t<div class=\"elementor-element elementor-element-d0efa04 elementor-widget elementor-widget-text-editor\" data-id=\"d0efa04\" data-element_type=\"widget\" data-e-type=\"widget\" data-widget_type=\"text-editor.default\">\n\t\t\t\t\t\t\t\t\t<p><strong data-start=\"527\" data-end=\"553\">S\u00edguenos en Instagram<\/strong><br data-start=\"553\" data-end=\"556\">Descubre m\u00e1s \u2014 <a class=\"\" href=\"https:\/\/www.instagram.com\/fincalamorera_ronda\/\" target=\"_blank\" rel=\"noopener\" data-start=\"587\" data-end=\"645\">@fincalamorera_ronda <\/a><\/p>\t\t\t\t\t\t\t\t<\/div>\n\t\t<div class=\"elementor-element elementor-element-3d88887 e-con-full e-flex e-con e-child\" data-id=\"3d88887\" data-element_type=\"container\" data-e-type=\"container\">\n\t\t\t\t<\/div>\n\t\t\t\t<\/div>\n\t\t\t\t<\/div>\n\t\t","protected":false},"excerpt":{"rendered":"<p>Gracias por contactarnos Hemos recibido su mensaje y nos pondremos en contacto con usted en breve. Para asuntos urgentes, no dude en llamarnos. +34 659 457 473 S\u00edguenos en InstagramDescubre m\u00e1s \u2014 @fincalamorera_ronda<\/p>\n","protected":false},"author":1,"featured_media":0,"parent":0,"menu_order":0,"comment_status":"closed","ping_status":"closed","template":"elementor_header_footer","meta":{"footnotes":""},"class_list":["post-4332","page","type-page","status-publish","hentry"],"_links":{"self":[{"href":"https:\/\/fincalamorera.com\/es\/wp-json\/wp\/v2\/pages\/4332","targetHints":{"allow":["GET"]}}],"collection":[{"href":"https:\/\/fincalamorera.com\/es\/wp-json\/wp\/v2\/pages"}],"about":[{"href":"https:\/\/fincalamorera.com\/es\/wp-json\/wp\/v2\/types\/page"}],"author":[{"embeddable":true,"href":"https:\/\/fincalamorera.com\/es\/wp-json\/wp\/v2\/users\/1"}],"replies":[{"embeddable":true,"href":"https:\/\/fincalamorera.com\/es\/wp-json\/wp\/v2\/comments?post=4332"}],"version-history":[{"count":2,"href":"https:\/\/fincalamorera.com\/es\/wp-json\/wp\/v2\/pages\/4332\/revisions"}],"predecessor-version":[{"id":4571,"href":"https:\/\/fincalamorera.com\/es\/wp-json\/wp\/v2\/pages\/4332\/revisions\/4571"}],"wp:attachment":[{"href":"https:\/\/fincalamorera.com\/es\/wp-json\/wp\/v2\/media?parent=4332"}],"curies":[{"name":"wp","href":"https:\/\/api.w.org\/{rel}","templated":true}]}}